{"id":105,"date":"2021-01-18T21:56:05","date_gmt":"2021-01-18T21:56:05","guid":{"rendered":"http:\/\/www.rebeccamay.at\/?page_id=105"},"modified":"2023-05-11T20:23:21","modified_gmt":"2023-05-11T20:23:21","slug":"romane","status":"publish","type":"page","link":"https:\/\/www.rebeccamay.at\/?page_id=105","title":{"rendered":"Newsletter"},"content":{"rendered":"\n<p>Mit meinem monatlichen Newsletter sicherst du dir nicht nur unterhaltsame Blicke hinter die Kulissen, sondern auch exklusive Textschnipsel, Projektupdates und Gewinnspiele und vieles mehr \u2764\ufe0f<\/p>\n\n\n<!DOCTYPE html PUBLIC \"-\/\/W3C\/\/DTD HTML 4.0 Transitional\/\/EN\" \"http:\/\/www.w3.org\/TR\/REC-html40\/loose.dtd\">\n<?xml encoding=\"utf-8\" ?><html><head><script>\nfunction loadjQuery(e,t){var n=document.createElement(\"script\");n.setAttribute(\"src\",e);n.onload=t;n.onreadystatechange=function(){if(this.readyState==\"complete\"||this.readyState==\"loaded\")t()};document.getElementsByTagName(\"head\")[0].appendChild(n)}function main(){\n\n\n}\nif(typeof jQuery===\"undefined\"){loadjQuery(\"\/\/ajax.googleapis.com\/ajax\/libs\/jquery\/1.4.4\/jquery.min.js\",main)}else{main()}\n\n<\/script>\n\n\n<style>.cr_header {\n    text-align: center;\n    background: transparent !important;\n}\n\n.cr_body label, .cr_body .label {\n    float: none;\n    clear: both;\n    display: inline-block;\n    width: auto;\n    margin-top: 8px;\n    text-align: left;\n    font-weight: bold;\n    position: relative;\n}\n\n.cr_body .no-label {\n    font-weight: normal;\n}\n\n.cr_body #editable_content {\n    padding: 20px;\n}\n\n.editable-content {\n    padding: 20px\n}\n\n.cr_button {\n    display: inline-block;\n    width: auto;\n    white-space: nowrap;\n    height: 32px;\n    margin: 5px 5px 0 0;\n    padding: 0 22px;\n    text-decoration: none;\n    text-align: center;\n    font-weight: bold;\n    font-style: normal;\n    font-size: 15px;\n    line-height: 32px;\n    cursor: pointer;\n    border: 0;\n    -moz-border-radius: 4px;\n    border-radius: 4px;\n    -webkit-border-radius: 4px;\n    vertical-align: top;\n}\n\n.cr_button:hover, .cr_button-small:hover {\n    opacity: 0.7;\n    filter: alpha(opacity=70);\n}\n\n.powered {\n    padding: 20px 0;\n    width: 560px;\n    margin: 0 auto;\n}\n\n.cr_ipe_item label {\n    line-height: 150%;\n    font-size: 14px;\n}\n\n.cr_ipe_item textarea {\n    background: none repeat scroll 0 0 #ffffff;\n    border-radius: 3px;\n    border: 1px solid #ccc;\n    font-size: 16px;\n}\n\n.cr_ipe_item input {\n    background: none repeat scroll 0 0 #ffffff;\n    border-radius: 3px;\n    border: 1px solid #ccc;\n    font-size: 16px;\n}\n\n.cr_ipe_item input[type='email'],\n.cr_ipe_item input[type='text'] {\n    width: 100%;\n}\n\n.cr_ipe_item select {\n    background: none repeat scroll 0 0 #ffffff;\n    border-radius: 3px;\n    border: 1px solid #ccc;\n    display: block;\n    margin: 0;\n    width: 100%;\n    font-size: 16px;\n}\n\n.cr_ipe_item input.cr_ipe_radio, input.cr_ipe_checkbox {\n    -moz-binding: none;\n    -moz-box-sizing: border-box;\n    background-color: -moz-field !important;\n    border: 2px inset ThreeDFace !important;\n    color: -moz-fieldtext !important;\n    cursor: default;\n    height: 13px;\n    padding: 0 !important;\n    width: 13px;\n}\n\n.cr_ipe_item input.cr_ipe_radio {\n    -moz-appearance: radio;\n    border-radius: 100% 100% 100% 100% !important;\n    margin: 3px 3px 0 5px;\n}\n\n.cr_ipe_item {\n    margin: 0 10px;\n    padding: 0 10px;\n    width: 100%;\n}\n\n.submit_container {\n    text-align: center\n}\n\n.cr_ipe_item.inactive {\n    display: none;\n}\n\n.imprint {\n    font-size: 0.8em;\n}\n\n.cr_captcha {\n    padding-left: 130px;\n}\n\n.cr_error {\n    font-size: 1.1em;\n    padding: 10px;\n}\n\n.clever_form_error {\n    background-color: #f99;\n    color: #000;\n    border: 1px solid #f22 !important\n}\n\n.clever_form_note {\n    margin: 26px 0 0 3px;\n    position: absolute;\n    display: inline;\n    padding: 2px 4px;\n    font-weight: bold;\n    background-color: #f2ecb5;\n    color: #000;\n    font-size: 12px !important;\n}\n\n.cr_form-flex {\n    display: flex;\n}\n\n.cr_form-flex > .cr_form-inputgroup {\n    flex-grow: 1;\n    margin-right: 5px;\n}\n\n.cr_form-flex > .cr_form-inputgroup:last-child {\n    margin-right: 0;\n}\n\n.cr_form-flex input {\n    width: 100%;\n}\n\n.cr_form,\n.cr_form .submit_container {\n    text-align: center !important;\n    margin: 5% 0;\n}\n\n.cr_form a {\n    border: none;\n}\n\n.cr_form .cr_page img {\n    display: inline;\n}\n\n.cr_font .submit_container {\n    margin-top: 3%;\n}\n\n.cr_form .cr_header_text,\n.cr_form .cr_ipe_item.ui-sortable {\n    text-align: left;\n    margin-bottom: 3%;\n}\n\n.cr_form .cr_header_text,\n.cr_form .cr_ipe_item.ui-sortable iframe {\n    height: 30px;\n}\n\n.cr_form .cr_header_text,\n.cr_form .cr_ipe_item.ui-sortable.musthave iframe {\n    height: auto;\n}\n\n.cr_form input[type='text'] {\n    width: 10% !important;\n    display: inline;\n}\n\n.cr_form .cr_ipe_item[rel='recaptcha'] {\n    margin-top: 3%;\n}\n\n.cr_form .cr_ipe_item[rel='recaptcha'] br {\n    display: none;\n}\n\n.cr_form .cr_ipe_item[rel='email'] input[type='text'],\n.cr_form .cr_ipe_item[rel='text'] input[type='text'],\n.cr_form textarea,\n.cr_form select {\n    width: 100% !important;\n}\n\n.cr_form .cr_ipe_item[rel='radio'] input[type='radio'] {\n    height: auto;\n}\n\n.cr_form a:not(.btn) {\n    border: none;\n}\n\n@media (max-width: 480px) {\n    #recaptcha_v2_widget > div:nth-child(1) {\n        width: max-content !important;\n    }\n}<\/style>\n\n\n<style id=\"style\">\n.cr_site {background-color:#eee;}\n.cr_body {color:#000000;background-color:#ffffff;}\n.cr_header {color:#000;}\n.cr_hr {background-color:#ccc;}\n.cr_site a {color:#0084ff;}\n.imprint {color:#333333;}\n.cr_page {width:auto;max-width:640px;}\n.cr_button {background-color:#fcb3ae;}\n\n<\/style>\n\n\n\n<\/head><body><form class=\"layout_form cr_form cr_font\" action=\"https:\/\/seu2.cleverreach.com\/f\/271804-358180\/wcs\/\" method=\"post\" target=\"_blank\">\n\t<div class=\"cr_body cr_page cr_font formbox\">\n\t\t<div class=\"non_sortable\" style=\"text-align:left;\">\n\t\t\t\n\t\t<\/div>\n\t\t\n\t\t<div class=\"editable_content\" style=\"text-align:left;\">\n\t\t<div id=\"8081277\" rel=\"email\" class=\"cr_form-component cr_form-component--email cr_ipe_item ui-sortable musthave\" style=\"margin-bottom:px;\">\n    <div class=\"cr_form-inputgroup cr_form-inputgroup--typeemail\">\n        <label for=\"text8081277\">E-Mail*<\/label>\n        <input class=\"cr_form-input\" type=\"email\" id=\"text8081277\" name=\"email\" value=\"\" placeholder=\"name@example.com\" style=\"\">\n    <\/div>\n<\/div><div id=\"8081279\" rel=\"button\" class=\"cr_form-component cr_form-component--submit cr_ipe_item ui-sortable  submit_container\">\n    <button type=\"submit\" class=\"cr_form-block cr_button components-button is-button is-primary\">Anmelden<\/button>\n<\/div>\n\n        <\/div>\n        \n\t\n    <\/div>\n\n    \n<\/form><\/body><\/html>\n\n\n\n\n<div class=\"wp-block-media-text alignwide has-media-on-the-right is-stacked-on-mobile\"><div class=\"wp-block-media-text__content\">\n<h2 class=\"wp-block-heading has-text-color\" style=\"color:#dc635a\">Magical Moments<\/h2>\n\n\n\n<p>Hier kannst du dir die Kurzgeschichte <em>Zuckerk\u00fcsse <\/em>kostenlos hinunterladen. Als Dankesch\u00f6n an meine Leser:innen und alle, die in die Welt der Magical Kisses hineinschnuppern m\u00f6chten \u2764\ufe0f<\/p>\n\n\n\n<div class=\"wp-block-buttons is-layout-flex wp-block-buttons-is-layout-flex\">\n<div class=\"wp-block-button\"><a class=\"wp-block-button__link has-background wp-element-button\" href=\"https:\/\/www.rebeccamay.at\/wp-content\/uploads\/2023\/05\/Zuckerkuesse_RebeccaMay.pdf\" style=\"background-color:#fcb3ae\" target=\"_blank\" rel=\"noreferrer noopener\">PDF<\/a><\/div>\n\n\n\n<div class=\"wp-block-button\"><a class=\"wp-block-button__link has-background wp-element-button\" href=\"https:\/\/www.rebeccamay.at\/wp-content\/uploads\/2023\/05\/Zuckerkuesse_RebeccaMay.epub\" style=\"background-color:#fcb3ae\" target=\"_blank\" rel=\"noreferrer noopener\">epub<\/a><\/div>\n<\/div>\n\n\n\n<p>Ich w\u00fcnsche gute Unterhaltung!<\/p>\n\n\n\n<p>Sicher dir andere exklusive Extras und Einblicke mit der Anmeldung in meinen Newsletter \u2764\ufe0f<\/p>\n\n\n\n<div class=\"wp-block-buttons is-layout-flex wp-block-buttons-is-layout-flex\">\n<div class=\"wp-block-button\"><a class=\"wp-block-button__link has-background wp-element-button\" href=\"https:\/\/seu2.cleverreach.com\/f\/271804-269586\/\" style=\"background-color:#fcb3ae\" target=\"_blank\" rel=\"noreferrer noopener\">Newsletter<\/a><\/div>\n<\/div>\n<\/div><figure class=\"wp-block-media-text__media\"><img data-recalc-dims=\"1\" loading=\"lazy\" decoding=\"async\" width=\"640\" height=\"1024\" src=\"https:\/\/i0.wp.com\/www.rebeccamay.at\/wp-content\/uploads\/2023\/05\/Cover_Zuckerkuesse_RebeccaMay.png?resize=640%2C1024&#038;ssl=1\" alt=\"\" class=\"wp-image-188 size-full\" srcset=\"https:\/\/i0.wp.com\/www.rebeccamay.at\/wp-content\/uploads\/2023\/05\/Cover_Zuckerkuesse_RebeccaMay.png?resize=640%2C1024&amp;ssl=1 640w, https:\/\/i0.wp.com\/www.rebeccamay.at\/wp-content\/uploads\/2023\/05\/Cover_Zuckerkuesse_RebeccaMay.png?resize=188%2C300&amp;ssl=1 188w, https:\/\/i0.wp.com\/www.rebeccamay.at\/wp-content\/uploads\/2023\/05\/Cover_Zuckerkuesse_RebeccaMay.png?resize=768%2C1229&amp;ssl=1 768w, https:\/\/i0.wp.com\/www.rebeccamay.at\/wp-content\/uploads\/2023\/05\/Cover_Zuckerkuesse_RebeccaMay.png?resize=960%2C1536&amp;ssl=1 960w, https:\/\/i0.wp.com\/www.rebeccamay.at\/wp-content\/uploads\/2023\/05\/Cover_Zuckerkuesse_RebeccaMay.png?resize=1280%2C2048&amp;ssl=1 1280w, https:\/\/i0.wp.com\/www.rebeccamay.at\/wp-content\/uploads\/2023\/05\/Cover_Zuckerkuesse_RebeccaMay.png?w=1600&amp;ssl=1 1600w\" sizes=\"auto, (max-width: 640px) 100vw, 640px\" \/><\/figure><\/div>\n\n\n\n<p>Du m\u00f6chtest nur \u00fcber die Ver\u00f6ffentlichungen informiert werden? Dann folge mir einfach auf <a href=\"https:\/\/www.amazon.de\/Rebecca-May\/e\/B07R4PN16T?ref=sr_ntt_srch_lnk_1&amp;qid=1683833526&amp;sr=8-1\" target=\"_blank\" rel=\"noopener nofollow\" title=\"\">Amazon<\/a> \u2764\ufe0f<\/p>\n\n\n\n<div class=\"wp-block-buttons is-layout-flex wp-block-buttons-is-layout-flex\">\n<div class=\"wp-block-button\"><a class=\"wp-block-button__link has-background wp-element-button\" href=\"\" style=\"background-color:#fcb3ae\" target=\"_blank\" rel=\"noreferrer noopener\">Folge mir auf Amazon<\/a><\/div>\n<\/div>\n","protected":false},"excerpt":{"rendered":"<p>Mit meinem monatlichen Newsletter sicherst du dir nicht nur unterhaltsame Blicke hinter die Kulissen, sondern &hellip; <\/p>\n","protected":false},"author":1,"featured_media":0,"parent":0,"menu_order":0,"comment_status":"closed","ping_status":"closed","template":"","meta":{"footnotes":""},"class_list":["post-105","page","type-page","status-publish","hentry","latest_post"],"aioseo_notices":[],"jetpack_sharing_enabled":true,"_links":{"self":[{"href":"https:\/\/www.rebeccamay.at\/index.php?rest_route=\/wp\/v2\/pages\/105","targetHints":{"allow":["GET"]}}],"collection":[{"href":"https:\/\/www.rebeccamay.at\/index.php?rest_route=\/wp\/v2\/pages"}],"about":[{"href":"https:\/\/www.rebeccamay.at\/index.php?rest_route=\/wp\/v2\/types\/page"}],"author":[{"embeddable":true,"href":"https:\/\/www.rebeccamay.at\/index.php?rest_route=\/wp\/v2\/users\/1"}],"replies":[{"embeddable":true,"href":"https:\/\/www.rebeccamay.at\/index.php?rest_route=%2Fwp%2Fv2%2Fcomments&post=105"}],"version-history":[{"count":11,"href":"https:\/\/www.rebeccamay.at\/index.php?rest_route=\/wp\/v2\/pages\/105\/revisions"}],"predecessor-version":[{"id":212,"href":"https:\/\/www.rebeccamay.at\/index.php?rest_route=\/wp\/v2\/pages\/105\/revisions\/212"}],"wp:attachment":[{"href":"https:\/\/www.rebeccamay.at\/index.php?rest_route=%2Fwp%2Fv2%2Fmedia&parent=105"}],"curies":[{"name":"wp","href":"https:\/\/api.w.org\/{rel}","templated":true}]}}