{"id":120,"date":"2023-04-23T13:13:02","date_gmt":"2023-04-23T13:13:02","guid":{"rendered":"https:\/\/www.rebeccamay.at\/?page_id=120"},"modified":"2023-05-08T18:11:54","modified_gmt":"2023-05-08T18:11:54","slug":"elfenkuesse","status":"publish","type":"page","link":"https:\/\/www.rebeccamay.at\/?page_id=120","title":{"rendered":"Elfenk\u00fcsse"},"content":{"rendered":"\n<h2 class=\"wp-block-heading\"><strong><em>ELFENK\u00dcSSE<\/em><\/strong><\/h2>\n\n\n\n<p><strong>Sona h\u00e4tte Cael im Bannkreis sitzen lassen sollen.<\/strong><\/p>\n\n\n\n<p>Denn zum Dank f\u00fcr die Rettung des Elfen wird die angehende Magierin in die Intrigen des Elfenhofs und den Kampf um den Thron gezogen. Sona muss sich den Pr\u00fcfungen der Elfen unterwerfen, um ihre Magie und ihren Clan zu retten. Nur zusammen mit Cael kann sie die gef\u00e4hrlichen Aufgaben bestehen.<\/p>\n\n\n\n<p><strong>Doch wie soll sie sich auf die Herausforderungen konzentrieren, wenn ihr Herz schneller schl\u00e4gt, sobald er in ihrer N\u00e4he ist?<\/strong><\/p>\n\n\n\n<p><em>Magical Kisses &#8211; Romantische Fantasy f\u00fcr Zwischendurch<\/em><\/p>\n\n\n\n<div class=\"wp-block-buttons is-layout-flex wp-block-buttons-is-layout-flex\">\n<div class=\"wp-block-button\"><a class=\"wp-block-button__link has-background wp-element-button\" href=\"https:\/\/amzn.to\/42mz55G\" style=\"background-color:#fcb3ae\" target=\"_blank\" rel=\"noreferrer noopener\">Amazon<\/a><\/div>\n\n\n\n<div class=\"wp-block-button\"><a class=\"wp-block-button__link has-background wp-element-button\" href=\"https:\/\/www.thalia.at\/shop\/home\/artikeldetails\/A1060178701\" style=\"background-color:#fcb3ae\" target=\"_blank\" rel=\"noreferrer noopener\">Thalia<\/a><\/div>\n<\/div>\n\n\n\n<figure class=\"wp-block-image size-large\"><img data-recalc-dims=\"1\" loading=\"lazy\" decoding=\"async\" width=\"780\" height=\"654\" src=\"https:\/\/i0.wp.com\/www.rebeccamay.at\/wp-content\/uploads\/2023\/04\/elfenkuesse.png?resize=780%2C654&#038;ssl=1\" alt=\"\" class=\"wp-image-148\" srcset=\"https:\/\/i0.wp.com\/www.rebeccamay.at\/wp-content\/uploads\/2023\/04\/elfenkuesse.png?resize=1024%2C858&amp;ssl=1 1024w, https:\/\/i0.wp.com\/www.rebeccamay.at\/wp-content\/uploads\/2023\/04\/elfenkuesse.png?resize=300%2C251&amp;ssl=1 300w, https:\/\/i0.wp.com\/www.rebeccamay.at\/wp-content\/uploads\/2023\/04\/elfenkuesse.png?resize=768%2C644&amp;ssl=1 768w, https:\/\/i0.wp.com\/www.rebeccamay.at\/wp-content\/uploads\/2023\/04\/elfenkuesse.png?resize=1536%2C1288&amp;ssl=1 1536w, https:\/\/i0.wp.com\/www.rebeccamay.at\/wp-content\/uploads\/2023\/04\/elfenkuesse.png?resize=800%2C671&amp;ssl=1 800w, https:\/\/i0.wp.com\/www.rebeccamay.at\/wp-content\/uploads\/2023\/04\/elfenkuesse.png?resize=477%2C400&amp;ssl=1 477w, https:\/\/i0.wp.com\/www.rebeccamay.at\/wp-content\/uploads\/2023\/04\/elfenkuesse.png?resize=80%2C66&amp;ssl=1 80w, https:\/\/i0.wp.com\/www.rebeccamay.at\/wp-content\/uploads\/2023\/04\/elfenkuesse.png?w=1880&amp;ssl=1 1880w\" sizes=\"auto, (max-width: 780px) 100vw, 780px\" \/><\/figure>\n\n\n\n<h2 class=\"wp-block-heading has-text-color\" style=\"color:#dc635a\">LESEPROBE<\/h2>\n\n\n\n<p>Sie tat gut daran, schleunigst von hier zu verschwinden. Sona stie\u00df gegen etwas hinter sich und schrie auf.<br>\u00bbKannst du das Gekreische lassen?\u00ab, fragte der Elf direkt neben ihrem Ohr. \u00bbDu -\u00ab<br>Sona rammte ihm den Ellbogen in den Magen und wurde mit einem St\u00f6hnen belohnt. Sie wirbelte herum. Elfenmagie loderte um sie herum auf, und Sona duckte sich schutzsuchend, doch er griff sie nicht an. Blaues Feuer flackerte um die erhobene Hand ihres Gespr\u00e4chspartners, der sie finster ansah und sich mit der anderen Hand die Stelle rieb, wo ihr Sto\u00df ihn getroffen hatte. Seine Augen weiteten sich \u00fcberrascht.<br>\u00bbSona?\u00ab<br>\u00bbCael?\u00ab, fragte sie ungl\u00e4ubig<\/p>\n\n\n\n<h2 class=\"wp-block-heading has-text-color\" style=\"color:#dc635a\">LESERSTIMMEN<\/h2>\n\n\n\n<p>&#8222;Die Geschichte von Sona und Cael macht Spa\u00df, ist kurzweilig und ich konnte richtig mitfiebern. Vor allem ab der H\u00e4lfte nimmt die Action zu, da konnte ich das Buch gar nicht mehr aus der Hand legen. (Und ich habe mich so \u00fcber den ersten Kuss gefreut!)&#8220;<\/p>\n\n\n\n<p>&#8222;Ich hab den ersten Band der magischen K\u00fcsse in einem Rutsch durchgelesen. Und wurde nicht entt\u00e4uscht. Sona und Cael eroberten mein Herz, die Story ist unbeschwert und s\u00fc\u00df und passt genau f\u00fcr ein happy weekend.&#8220;<\/p>\n","protected":false},"excerpt":{"rendered":"<p>ELFENK\u00dcSSE Sona h\u00e4tte Cael im Bannkreis sitzen lassen sollen. Denn zum Dank f\u00fcr die Rettung &hellip; <\/p>\n","protected":false},"author":1,"featured_media":0,"parent":5,"menu_order":0,"comment_status":"closed","ping_status":"closed","template":"","meta":{"footnotes":""},"class_list":["post-120","page","type-page","status-publish","hentry","latest_post"],"aioseo_notices":[],"jetpack_sharing_enabled":true,"_links":{"self":[{"href":"https:\/\/www.rebeccamay.at\/index.php?rest_route=\/wp\/v2\/pages\/120","targetHints":{"allow":["GET"]}}],"collection":[{"href":"https:\/\/www.rebeccamay.at\/index.php?rest_route=\/wp\/v2\/pages"}],"about":[{"href":"https:\/\/www.rebeccamay.at\/index.php?rest_route=\/wp\/v2\/types\/page"}],"author":[{"embeddable":true,"href":"https:\/\/www.rebeccamay.at\/index.php?rest_route=\/wp\/v2\/users\/1"}],"replies":[{"embeddable":true,"href":"https:\/\/www.rebeccamay.at\/index.php?rest_route=%2Fwp%2Fv2%2Fcomments&post=120"}],"version-history":[{"count":5,"href":"https:\/\/www.rebeccamay.at\/index.php?rest_route=\/wp\/v2\/pages\/120\/revisions"}],"predecessor-version":[{"id":173,"href":"https:\/\/www.rebeccamay.at\/index.php?rest_route=\/wp\/v2\/pages\/120\/revisions\/173"}],"up":[{"embeddable":true,"href":"https:\/\/www.rebeccamay.at\/index.php?rest_route=\/wp\/v2\/pages\/5"}],"wp:attachment":[{"href":"https:\/\/www.rebeccamay.at\/index.php?rest_route=%2Fwp%2Fv2%2Fmedia&parent=120"}],"curies":[{"name":"wp","href":"https:\/\/api.w.org\/{rel}","templated":true}]}}