{"id":123,"date":"2023-04-23T13:17:38","date_gmt":"2023-04-23T13:17:38","guid":{"rendered":"https:\/\/www.rebeccamay.at\/?page_id=123"},"modified":"2023-05-08T18:13:54","modified_gmt":"2023-05-08T18:13:54","slug":"gargoylekuesse","status":"publish","type":"page","link":"https:\/\/www.rebeccamay.at\/?page_id=123","title":{"rendered":"Gargoylek\u00fcsse"},"content":{"rendered":"\n<h2 class=\"wp-block-heading\"><em>GARGOYLEK\u00dcSSE<\/em><\/h2>\n\n\n\n<p><strong>Cara ist verlobt.<\/strong><\/p>\n\n\n\n<p>Statt sich dem Willen ihres Clans zu f\u00fcgen, ist die junge Magierin entschlossen, zu fliehen. Doch ihre Fluchtpl\u00e4ne drohen an den un\u00fcberwindbbaren Bergen zu scheitern, als sie unverhofft einen Verb\u00fcndeten gewinnt: Tiran.<br>Der Gargoyle ist an den Clan ihres Verlobten gebunden. Um ihrer beider Freiheit zu gewinnen, m\u00fcssen die beiden einander vertrauen \u2013 und zur Hochzeit sind es nur noch wenige Tage. W\u00e4hrend Cara sich zu ihrem Entsetzen in den grimmigen Gargoyle zu verlieben beginnt, scheint er in ihr nur eine Fluchtkomplizin zu sehen.<\/p>\n\n\n\n<p><strong>Aber l\u00e4sst ihre N\u00e4he Tiran wirklich kalt? Oder beginnt auch er etwas f\u00fcr die ungest\u00fcme Magierin zu empfinden?<\/strong><\/p>\n\n\n\n<p><em>Magical Kisses &#8211; Romantische Fantasy f\u00fcr Zwischendurch<\/em><\/p>\n\n\n\n<div class=\"wp-block-buttons is-layout-flex wp-block-buttons-is-layout-flex\">\n<div class=\"wp-block-button\"><a class=\"wp-block-button__link has-background wp-element-button\" href=\"https:\/\/amzn.to\/44HnC1O\" style=\"background-color:#fcb3ae\" target=\"_blank\" rel=\"noreferrer noopener\">Amazon<\/a><\/div>\n\n\n\n<div class=\"wp-block-button\"><a class=\"wp-block-button__link has-background wp-element-button\" href=\"https:\/\/www.thalia.at\/shop\/home\/artikeldetails\/A1060178715\" style=\"background-color:#fcb3ae\" target=\"_blank\" rel=\"noreferrer noopener\">Thalia<\/a><\/div>\n<\/div>\n\n\n\n<figure class=\"wp-block-image size-large\"><img data-recalc-dims=\"1\" loading=\"lazy\" decoding=\"async\" width=\"780\" height=\"654\" src=\"https:\/\/i0.wp.com\/www.rebeccamay.at\/wp-content\/uploads\/2023\/04\/gargoylekuesse.png?resize=780%2C654&#038;ssl=1\" alt=\"\" class=\"wp-image-151\" srcset=\"https:\/\/i0.wp.com\/www.rebeccamay.at\/wp-content\/uploads\/2023\/04\/gargoylekuesse.png?resize=1024%2C858&amp;ssl=1 1024w, https:\/\/i0.wp.com\/www.rebeccamay.at\/wp-content\/uploads\/2023\/04\/gargoylekuesse.png?resize=300%2C251&amp;ssl=1 300w, https:\/\/i0.wp.com\/www.rebeccamay.at\/wp-content\/uploads\/2023\/04\/gargoylekuesse.png?resize=768%2C644&amp;ssl=1 768w, https:\/\/i0.wp.com\/www.rebeccamay.at\/wp-content\/uploads\/2023\/04\/gargoylekuesse.png?resize=1536%2C1288&amp;ssl=1 1536w, https:\/\/i0.wp.com\/www.rebeccamay.at\/wp-content\/uploads\/2023\/04\/gargoylekuesse.png?resize=800%2C671&amp;ssl=1 800w, https:\/\/i0.wp.com\/www.rebeccamay.at\/wp-content\/uploads\/2023\/04\/gargoylekuesse.png?resize=477%2C400&amp;ssl=1 477w, https:\/\/i0.wp.com\/www.rebeccamay.at\/wp-content\/uploads\/2023\/04\/gargoylekuesse.png?resize=80%2C66&amp;ssl=1 80w, https:\/\/i0.wp.com\/www.rebeccamay.at\/wp-content\/uploads\/2023\/04\/gargoylekuesse.png?w=1880&amp;ssl=1 1880w\" sizes=\"auto, (max-width: 780px) 100vw, 780px\" \/><\/figure>\n\n\n\n<h2 class=\"wp-block-heading has-text-color\" style=\"color:#dc635a\">LESEPROBE<\/h2>\n\n\n\n<p>Cara unterdr\u00fcckte den erschrockenen Ausruf im letzten Moment. Ihr Herz schlug immer noch zu schnell, als sie den Riegel l\u00f6ste und den Schutzzauber aufhob. Schw\u00fcle Nachtluft drang mit Tiran zusammen in ihr Zimmer.<br>\u00bbErschreck mich doch nicht so\u00ab, herrschte sie ihn fl\u00fcsternd an. \u00bbWas machst du hier?\u00ab Es klang forscher, als sie wollte, denn weder ihre Eltern noch der Rest des Clans schliefen, im Gegenteil: Die Gesch\u00e4ftigkeit auf den G\u00e4ngen hatte zugenommen. Jeden Augenblick konnte ihrer Mutter bei ihr einfallen, weil sie mit ihr weiter \u00fcber die Hochzeit sprechen wollte &#8211; und \u00fcber das Verhalten von Caras zuk\u00fcnftiger Schwiegermutter &#8211; und sie hatte nicht die Absicht herauszufinden, was passieren w\u00fcrde, wenn jemand Tiran bei ihr fand.<br>\u00bbDich fragen, ob du was gefunden hast\u00ab, antwortete er. \u00bbDu warst heute im Haus.\u00ab<br>\u00bbDu sp\u00fcrst das?\u00ab Sie konnte ihre Aufregung nicht ganz verbergen.<br>Der Gargoyle verdrehte die Augen. \u00bbNein, ich sehe das. Ich sitze auf dem Dach, schon vergessen?\u00ab<br>\u00bbOh. Ich meine, nat\u00fcrlich\u00ab, setzte Cara rasch hinterher. Sie war &#8230; entt\u00e4uscht. \u00c4rgerlich schob sie die Emotion beiseite. Ich habe keinen Grund, entt\u00e4uscht zu sein.<br>Tiran sah sie belustigt an. \u00bbWas hast du denn gedacht? Dass ich zu Stein erstarre?\u00ab<br>Cara zuckte verlegen mit den Schultern.<\/p>\n\n\n\n<h2 class=\"wp-block-heading has-text-color\" style=\"color:#dc635a\">LESERSTIMMEN<\/h2>\n\n\n\n<p>&#8222;Eine Lekt\u00fcre, die mich von Anfang an mitgenommen hat, und mich f\u00fcr ein paar Stunden die Welt um mich herum hat vergessen lassen.&#8220;<\/p>\n\n\n\n<p>&#8222;Ich habe mich gut unterhaltet gef\u00fcllt und in einem Rutsch gelesen. Ein angenehmer und bildhafter Schreibstil. Eine Empfehlung von mir.&#8220;<\/p>\n","protected":false},"excerpt":{"rendered":"<p>GARGOYLEK\u00dcSSE Cara ist verlobt. Statt sich dem Willen ihres Clans zu f\u00fcgen, ist die junge &hellip; <\/p>\n","protected":false},"author":1,"featured_media":0,"parent":5,"menu_order":0,"comment_status":"closed","ping_status":"closed","template":"","meta":{"footnotes":""},"class_list":["post-123","page","type-page","status-publish","hentry","latest_post"],"aioseo_notices":[],"jetpack_sharing_enabled":true,"_links":{"self":[{"href":"https:\/\/www.rebeccamay.at\/index.php?rest_route=\/wp\/v2\/pages\/123","targetHints":{"allow":["GET"]}}],"collection":[{"href":"https:\/\/www.rebeccamay.at\/index.php?rest_route=\/wp\/v2\/pages"}],"about":[{"href":"https:\/\/www.rebeccamay.at\/index.php?rest_route=\/wp\/v2\/types\/page"}],"author":[{"embeddable":true,"href":"https:\/\/www.rebeccamay.at\/index.php?rest_route=\/wp\/v2\/users\/1"}],"replies":[{"embeddable":true,"href":"https:\/\/www.rebeccamay.at\/index.php?rest_route=%2Fwp%2Fv2%2Fcomments&post=123"}],"version-history":[{"count":4,"href":"https:\/\/www.rebeccamay.at\/index.php?rest_route=\/wp\/v2\/pages\/123\/revisions"}],"predecessor-version":[{"id":176,"href":"https:\/\/www.rebeccamay.at\/index.php?rest_route=\/wp\/v2\/pages\/123\/revisions\/176"}],"up":[{"embeddable":true,"href":"https:\/\/www.rebeccamay.at\/index.php?rest_route=\/wp\/v2\/pages\/5"}],"wp:attachment":[{"href":"https:\/\/www.rebeccamay.at\/index.php?rest_route=%2Fwp%2Fv2%2Fmedia&parent=123"}],"curies":[{"name":"wp","href":"https:\/\/api.w.org\/{rel}","templated":true}]}}