{"id":5,"date":"2020-12-21T15:44:13","date_gmt":"2020-12-21T15:44:13","guid":{"rendered":"http:\/\/www.rebeccamay.at\/?page_id=5"},"modified":"2024-05-20T20:12:10","modified_gmt":"2024-05-20T20:12:10","slug":"magical-kisses","status":"publish","type":"page","link":"https:\/\/www.rebeccamay.at\/","title":{"rendered":"Magical Kisses"},"content":{"rendered":"\n<h3 class=\"wp-block-heading alignwide has-text-align-wide\" style=\"font-size:17px;line-height:1.1\"><em>Magie in jedem Kuss<\/em> &#8211; Romantische Kurzromane<\/h3>\n\n\n\n<figure class=\"wp-block-image size-large\"><img data-recalc-dims=\"1\" loading=\"lazy\" decoding=\"async\" width=\"780\" height=\"136\" src=\"https:\/\/i0.wp.com\/www.rebeccamay.at\/wp-content\/uploads\/2024\/05\/Design-ohne-Titel-27.png?resize=780%2C136&#038;ssl=1\" alt=\"\" class=\"wp-image-238\" srcset=\"https:\/\/i0.wp.com\/www.rebeccamay.at\/wp-content\/uploads\/2024\/05\/Design-ohne-Titel-27.png?resize=1024%2C178&amp;ssl=1 1024w, https:\/\/i0.wp.com\/www.rebeccamay.at\/wp-content\/uploads\/2024\/05\/Design-ohne-Titel-27.png?resize=300%2C52&amp;ssl=1 300w, https:\/\/i0.wp.com\/www.rebeccamay.at\/wp-content\/uploads\/2024\/05\/Design-ohne-Titel-27.png?resize=768%2C133&amp;ssl=1 768w, https:\/\/i0.wp.com\/www.rebeccamay.at\/wp-content\/uploads\/2024\/05\/Design-ohne-Titel-27.png?resize=1536%2C267&amp;ssl=1 1536w, https:\/\/i0.wp.com\/www.rebeccamay.at\/wp-content\/uploads\/2024\/05\/Design-ohne-Titel-27.png?resize=2048%2C356&amp;ssl=1 2048w, https:\/\/i0.wp.com\/www.rebeccamay.at\/wp-content\/uploads\/2024\/05\/Design-ohne-Titel-27.png?w=2340&amp;ssl=1 2340w\" sizes=\"auto, (max-width: 780px) 100vw, 780px\" \/><\/figure>\n\n\n\n<p>In der <em>Magical Kisses<\/em> Reihe vereine ich meine Liebe zur Fantasy mit der zu historischen Liebesromanen: Bridgerton trifft Fantasy sozusagen. Meine Heldinnen und Helden finden trotz Standesd\u00fcnkel der Magierclane, eifers\u00fcchtiger Verehrer und intriganten Familien zueinander. Dabei trotzen sie alten Magiergesetzen genauso wie Pr\u00fcfungen des Elfenhofes. Sie durchtanzen die Nacht auf einem Maskenball oder unternehmen eine romantische Kutschenfahrt &#8211; wenn sie nicht gerade vor Waldtrollen oder Angriffszaubern in Deckung gehen m\u00fcssen, hei\u00dft das.<\/p>\n\n\n\n<p>Dabei sind die Geschichten bewusst kurz und s\u00fc\u00df gehalten, ein St\u00fcck Schokolade in Buchform sozusagen, das man an einem verregneten Nachmittag mit einer Tasse Tee genie\u00dfen kann.<\/p>\n\n\n\n<p>Spice und Dark Romance sucht man hier vergeblich: Diese Romantasyb\u00fccher geh\u00f6ren zum Genre der Sweet Romance, wo es keine detaillierten Beschreibung hei\u00dfer Begegnungen gibt. Und auch wenn die Abenteuer nicht zu kurz kommen, kommen sie ohne grafische Gewaltbeschreibungen aus. F\u00fcr j\u00fcngere Lesebegeisterte ab 13, die Romance und Fantasy lieben, sind die <em>Magical Kisses<\/em> Romane also ebenfalls gut geeignet.<\/p>\n\n\n\n<div class=\"wp-block-columns is-layout-flex wp-container-core-columns-is-layout-9d6595d7 wp-block-columns-is-layout-flex\">\n<div class=\"wp-block-column is-layout-flow wp-block-column-is-layout-flow\" style=\"flex-basis:100%\">\n<p>In der Romantasy-Reihe<em> Magical Kisses<\/em> teilen sich die Geschichten zwar eine Welt, doch jeder Roman kann unabh\u00e4ngig von den anderen gelesen werden.<\/p>\n<\/div>\n<\/div>\n\n\n\n<div class=\"wp-block-media-text alignwide is-stacked-on-mobile\"><figure class=\"wp-block-media-text__media\"><img data-recalc-dims=\"1\" loading=\"lazy\" decoding=\"async\" width=\"780\" height=\"780\" src=\"https:\/\/i0.wp.com\/www.rebeccamay.at\/wp-content\/uploads\/2023\/05\/4.png?resize=780%2C780&#038;ssl=1\" alt=\"\" class=\"wp-image-163 size-full\" srcset=\"https:\/\/i0.wp.com\/www.rebeccamay.at\/wp-content\/uploads\/2023\/05\/4.png?resize=1024%2C1024&amp;ssl=1 1024w, https:\/\/i0.wp.com\/www.rebeccamay.at\/wp-content\/uploads\/2023\/05\/4.png?resize=300%2C300&amp;ssl=1 300w, https:\/\/i0.wp.com\/www.rebeccamay.at\/wp-content\/uploads\/2023\/05\/4.png?resize=150%2C150&amp;ssl=1 150w, https:\/\/i0.wp.com\/www.rebeccamay.at\/wp-content\/uploads\/2023\/05\/4.png?resize=768%2C768&amp;ssl=1 768w, https:\/\/i0.wp.com\/www.rebeccamay.at\/wp-content\/uploads\/2023\/05\/4.png?resize=1536%2C1536&amp;ssl=1 1536w, https:\/\/i0.wp.com\/www.rebeccamay.at\/wp-content\/uploads\/2023\/05\/4.png?resize=2048%2C2048&amp;ssl=1 2048w, https:\/\/i0.wp.com\/www.rebeccamay.at\/wp-content\/uploads\/2023\/05\/4.png?resize=800%2C800&amp;ssl=1 800w, https:\/\/i0.wp.com\/www.rebeccamay.at\/wp-content\/uploads\/2023\/05\/4.png?resize=400%2C400&amp;ssl=1 400w\" sizes=\"auto, (max-width: 780px) 100vw, 780px\" \/><\/figure><div class=\"wp-block-media-text__content\">\n<p><strong>Alle Romane der Romantasy-Reihe gibt es f\u00fcr kindle und tolino, sowie als Taschenbuch auf Amazon.<\/strong><\/p>\n\n\n\n<div class=\"wp-block-buttons is-layout-flex wp-block-buttons-is-layout-flex\">\n<div class=\"wp-block-button\"><a class=\"wp-block-button__link has-background wp-element-button\" href=\"https:\/\/www.amazon.de\/Rebecca-May\/e\/B07R4PN16T?ref=sr_ntt_srch_lnk_1&amp;qid=1683569909&amp;sr=8-1\" style=\"background-color:#fcb3ae\" target=\"_blank\" rel=\"noreferrer noopener\">Amazon<\/a><\/div>\n\n\n\n<div class=\"wp-block-button\"><a class=\"wp-block-button__link has-background wp-element-button\" href=\"https:\/\/www.thalia.at\/shop\/home\/artikeldetails\/A1060178302\" style=\"background-color:#fcb3ae\" target=\"_blank\" rel=\"noreferrer noopener\">Thalia<\/a><\/div>\n<\/div>\n<\/div><\/div>\n\n\n\n<p><\/p>\n\n\n\n<p><\/p>\n","protected":false},"excerpt":{"rendered":"<p>Magie in jedem Kuss &#8211; Romantische Kurzromane In der Magical Kisses Reihe vereine ich meine &hellip; <\/p>\n","protected":false},"author":1,"featured_media":0,"parent":0,"menu_order":0,"comment_status":"closed","ping_status":"closed","template":"","meta":{"footnotes":""},"class_list":["post-5","page","type-page","status-publish","hentry","latest_post"],"aioseo_notices":[],"jetpack_sharing_enabled":true,"_links":{"self":[{"href":"https:\/\/www.rebeccamay.at\/index.php?rest_route=\/wp\/v2\/pages\/5","targetHints":{"allow":["GET"]}}],"collection":[{"href":"https:\/\/www.rebeccamay.at\/index.php?rest_route=\/wp\/v2\/pages"}],"about":[{"href":"https:\/\/www.rebeccamay.at\/index.php?rest_route=\/wp\/v2\/types\/page"}],"author":[{"embeddable":true,"href":"https:\/\/www.rebeccamay.at\/index.php?rest_route=\/wp\/v2\/users\/1"}],"replies":[{"embeddable":true,"href":"https:\/\/www.rebeccamay.at\/index.php?rest_route=%2Fwp%2Fv2%2Fcomments&post=5"}],"version-history":[{"count":15,"href":"https:\/\/www.rebeccamay.at\/index.php?rest_route=\/wp\/v2\/pages\/5\/revisions"}],"predecessor-version":[{"id":239,"href":"https:\/\/www.rebeccamay.at\/index.php?rest_route=\/wp\/v2\/pages\/5\/revisions\/239"}],"wp:attachment":[{"href":"https:\/\/www.rebeccamay.at\/index.php?rest_route=%2Fwp%2Fv2%2Fmedia&parent=5"}],"curies":[{"name":"wp","href":"https:\/\/api.w.org\/{rel}","templated":true}]}}